{"id":5917,"date":"2024-06-18T11:04:48","date_gmt":"2024-06-18T15:04:48","guid":{"rendered":"https:\/\/seaforthoralsurgery.com\/privacy-policy"},"modified":"2026-03-24T18:25:05","modified_gmt":"2026-03-24T22:25:05","slug":"politique-de-confidentialite","status":"publish","type":"page","link":"https:\/\/seaforthoralsurgery.com\/fr\/politique-de-confidentialite","title":{"rendered":"Privacy Policy"},"content":{"rendered":"\t\t<div data-elementor-type=\"wp-page\" data-elementor-id=\"5917\" class=\"elementor elementor-5917 elementor-5908\" data-elementor-post-type=\"page\">\n\t\t\t\t<div class=\"elementor-element elementor-element-e70b106 e-flex e-con-boxed e-con e-parent\" data-id=\"e70b106\" data-element_type=\"container\" data-e-type=\"container\" data-settings=\"{&quot;jet_parallax_layout_list&quot;:[]}\">\n\t\t\t\t\t<div class=\"e-con-inner\">\n\t\t\t\t<div class=\"elementor-element elementor-element-e570d79 elementor-widget__width-initial elementor-widget-mobile__width-initial elementor-invisible elementor-widget elementor-widget-heading\" data-id=\"e570d79\" data-element_type=\"widget\" data-e-type=\"widget\" data-settings=\"{&quot;_animation&quot;:&quot;fadeInUp&quot;}\" data-widget_type=\"heading.default\">\n\t\t\t\t<div class=\"elementor-widget-container\">\n\t\t\t\t\t<h1 class=\"elementor-heading-title elementor-size-default\">Politique de confidentialit\u00e9 des patients<\/h1>\t\t\t\t<\/div>\n\t\t\t\t<\/div>\n\t\t\t\t\t<\/div>\n\t\t\t\t<\/div>\n\t\t<div class=\"elementor-element elementor-element-eb837a6 e-flex e-con-boxed e-con e-parent\" data-id=\"eb837a6\" data-element_type=\"container\" data-e-type=\"container\" data-settings=\"{&quot;jet_parallax_layout_list&quot;:[]}\">\n\t\t\t\t\t<div class=\"e-con-inner\">\n\t\t\t\t<div class=\"elementor-element elementor-element-844a979 elementor-widget__width-initial elementor-invisible elementor-widget elementor-widget-text-editor\" data-id=\"844a979\" data-element_type=\"widget\" data-e-type=\"widget\" data-settings=\"{&quot;_animation&quot;:&quot;fadeInUp&quot;}\" data-widget_type=\"text-editor.default\">\n\t\t\t\t<div class=\"elementor-widget-container\">\n\t\t\t\t\t\t\t\t\t<p>Votre vie priv\u00e9e nous tient \u00e0 c\u0153ur et nous souhaitons \u00eatre transparents quant \u00e0 nos politiques afin que vous vous sentiez \u00e0 l&rsquo;aise d&rsquo;utiliser et de partager des informations avec nous. Nous nous engageons \u00e0 prot\u00e9ger la vie priv\u00e9e des personnes qui visitent notre site web. Vous pouvez acc\u00e9der \u00e0 notre site sans partager aucune information personnelle avec nous. Nous ne recueillons pas automatiquement d&rsquo;informations personnelles \u00e0 l&rsquo;aide de t\u00e9moins (cookies) ou d&rsquo;autres technologies pour suivre des informations identifiables sur les individus naviguant sur notre site web.<\/p><p>Nous ne recevons que les d\u00e9tails personnels tels que votre nom, votre adresse et votre num\u00e9ro de t\u00e9l\u00e9phone lorsque vous partagez volontairement ces informations avec nous. Les informations que vous nous envoyez par courriel, comme le formulaire d&rsquo;inscription des patients, sont \u00e9galement s\u00e9curis\u00e9es et trait\u00e9es de mani\u00e8re confidentielle. L&rsquo;acc\u00e8s aux informations personnelles est limit\u00e9 \u00e0 notre personnel professionnel uniquement, assurant ainsi leur s\u00e9curit\u00e9.<\/p><p>Veuillez noter que ce site web est destin\u00e9 \u00e0 des fins informatives et \u00e9ducatives seulement et ne fournit pas de conseils m\u00e9dicaux, dentaires ou chirurgicaux. Les liens pr\u00e9sents sur ce site peuvent vous diriger vers d&rsquo;autres sites ayant des politiques de confidentialit\u00e9 diff\u00e9rentes des n\u00f4tres. Ces liens n&rsquo;impliquent aucune relation ou approbation des sites li\u00e9s.<\/p>\t\t\t\t\t\t\t\t<\/div>\n\t\t\t\t<\/div>\n\t\t\t\t\t<\/div>\n\t\t\t\t<\/div>\n\t\t\t\t<\/div>\n\t\t","protected":false},"excerpt":{"rendered":"<p>Politique de confidentialit\u00e9 des patients Votre vie priv\u00e9e nous tient \u00e0 c\u0153ur et nous souhaitons \u00eatre transparents quant \u00e0 nos politiques afin que vous vous sentiez \u00e0 l&rsquo;aise d&rsquo;utiliser et de partager des informations avec nous. Nous nous engageons \u00e0 prot\u00e9ger la vie priv\u00e9e des personnes qui visitent notre site web. Vous pouvez acc\u00e9der \u00e0 [&hellip;]<\/p>\n","protected":false},"author":2,"featured_media":0,"parent":0,"menu_order":0,"comment_status":"closed","ping_status":"closed","template":"","meta":{"footnotes":""},"class_list":["post-5917","page","type-page","status-publish","hentry"],"yoast_head":"<!-- This site is optimized with the Yoast SEO Premium plugin v22.8 (Yoast SEO v27.4) - https:\/\/yoast.com\/product\/yoast-seo-premium-wordpress\/ -->\n<title>Privacy Policy - Seaforth Oral Surgery<\/title>\n<meta name=\"robots\" content=\"index, follow, max-snippet:-1, max-image-preview:large, max-video-preview:-1\" \/>\n<link rel=\"canonical\" href=\"https:\/\/seaforthoralsurgery.com\/fr\/politique-de-confidentialite\" \/>\n<meta property=\"og:locale\" content=\"fr_FR\" \/>\n<meta property=\"og:type\" content=\"article\" \/>\n<meta property=\"og:title\" content=\"Privacy Policy\" \/>\n<meta property=\"og:description\" content=\"Politique de confidentialit\u00e9 des patients Votre vie priv\u00e9e nous tient \u00e0 c\u0153ur et nous souhaitons \u00eatre transparents quant \u00e0 nos politiques afin que vous vous sentiez \u00e0 l&rsquo;aise d&rsquo;utiliser et de partager des informations avec nous. Nous nous engageons \u00e0 prot\u00e9ger la vie priv\u00e9e des personnes qui visitent notre site web. Vous pouvez acc\u00e9der \u00e0 [&hellip;]\" \/>\n<meta property=\"og:url\" content=\"https:\/\/seaforthoralsurgery.com\/fr\/politique-de-confidentialite\" \/>\n<meta property=\"og:site_name\" content=\"Seaforth Oral Surgery\" \/>\n<meta property=\"article:modified_time\" content=\"2026-03-24T22:25:05+00:00\" \/>\n<meta name=\"twitter:card\" content=\"summary_large_image\" \/>\n<meta name=\"twitter:label1\" content=\"Dur\u00e9e de lecture estim\u00e9e\" \/>\n\t<meta name=\"twitter:data1\" content=\"1 minute\" \/>\n<!-- \/ Yoast SEO Premium plugin. -->","yoast_head_json":{"title":"Privacy Policy - Seaforth Oral Surgery","robots":{"index":"index","follow":"follow","max-snippet":"max-snippet:-1","max-image-preview":"max-image-preview:large","max-video-preview":"max-video-preview:-1"},"canonical":"https:\/\/seaforthoralsurgery.com\/fr\/politique-de-confidentialite","og_locale":"fr_FR","og_type":"article","og_title":"Privacy Policy","og_description":"Politique de confidentialit\u00e9 des patients Votre vie priv\u00e9e nous tient \u00e0 c\u0153ur et nous souhaitons \u00eatre transparents quant \u00e0 nos politiques afin que vous vous sentiez \u00e0 l&rsquo;aise d&rsquo;utiliser et de partager des informations avec nous. Nous nous engageons \u00e0 prot\u00e9ger la vie priv\u00e9e des personnes qui visitent notre site web. Vous pouvez acc\u00e9der \u00e0 [&hellip;]","og_url":"https:\/\/seaforthoralsurgery.com\/fr\/politique-de-confidentialite","og_site_name":"Seaforth Oral Surgery","article_modified_time":"2026-03-24T22:25:05+00:00","twitter_card":"summary_large_image","twitter_misc":{"Dur\u00e9e de lecture estim\u00e9e":"1 minute"},"schema":{"@context":"https:\/\/schema.org","@graph":[{"@type":"WebPage","@id":"https:\/\/seaforthoralsurgery.com\/fr\/politique-de-confidentialite","url":"https:\/\/seaforthoralsurgery.com\/fr\/politique-de-confidentialite","name":"Privacy Policy - Seaforth Oral Surgery","isPartOf":{"@id":"https:\/\/seaforthoralsurgery.com\/fr#website"},"datePublished":"2024-06-18T15:04:48+00:00","dateModified":"2026-03-24T22:25:05+00:00","breadcrumb":{"@id":"https:\/\/seaforthoralsurgery.com\/fr\/politique-de-confidentialite#breadcrumb"},"inLanguage":"fr-FR","potentialAction":[{"@type":"ReadAction","target":["https:\/\/seaforthoralsurgery.com\/fr\/politique-de-confidentialite"]}]},{"@type":"BreadcrumbList","@id":"https:\/\/seaforthoralsurgery.com\/fr\/politique-de-confidentialite#breadcrumb","itemListElement":[{"@type":"ListItem","position":1,"name":"Home","item":"https:\/\/seaforthoralsurgery.com\/fr"},{"@type":"ListItem","position":2,"name":"Privacy Policy"}]},{"@type":"WebSite","@id":"https:\/\/seaforthoralsurgery.com\/fr#website","url":"https:\/\/seaforthoralsurgery.com\/fr","name":"Seaforth Oral Surgery","description":"Dental Implants specialists in Montreal | Top oral surgeons in Montreal","potentialAction":[{"@type":"SearchAction","target":{"@type":"EntryPoint","urlTemplate":"https:\/\/seaforthoralsurgery.com\/fr?s={search_term_string}"},"query-input":{"@type":"PropertyValueSpecification","valueRequired":true,"valueName":"search_term_string"}}],"inLanguage":"fr-FR"}]}},"_links":{"self":[{"href":"https:\/\/seaforthoralsurgery.com\/fr\/wp-json\/wp\/v2\/pages\/5917","targetHints":{"allow":["GET"]}}],"collection":[{"href":"https:\/\/seaforthoralsurgery.com\/fr\/wp-json\/wp\/v2\/pages"}],"about":[{"href":"https:\/\/seaforthoralsurgery.com\/fr\/wp-json\/wp\/v2\/types\/page"}],"author":[{"embeddable":true,"href":"https:\/\/seaforthoralsurgery.com\/fr\/wp-json\/wp\/v2\/users\/2"}],"replies":[{"embeddable":true,"href":"https:\/\/seaforthoralsurgery.com\/fr\/wp-json\/wp\/v2\/comments?post=5917"}],"version-history":[{"count":26,"href":"https:\/\/seaforthoralsurgery.com\/fr\/wp-json\/wp\/v2\/pages\/5917\/revisions"}],"predecessor-version":[{"id":5985,"href":"https:\/\/seaforthoralsurgery.com\/fr\/wp-json\/wp\/v2\/pages\/5917\/revisions\/5985"}],"wp:attachment":[{"href":"https:\/\/seaforthoralsurgery.com\/fr\/wp-json\/wp\/v2\/media?parent=5917"}],"curies":[{"name":"wp","href":"https:\/\/api.w.org\/{rel}","templated":true}]}}